{"id":5,"date":"2017-01-20T13:08:03","date_gmt":"2017-01-20T13:08:03","guid":{"rendered":"http:\/\/technikradio.de\/?page_id=5"},"modified":"2021-06-30T09:06:40","modified_gmt":"2021-06-30T09:06:40","slug":"home","status":"publish","type":"page","link":"https:\/\/technikradio.de\/","title":{"rendered":"Willkommen"},"content":{"rendered":"<p>beim TechnikRADIO!<\/p>\n<p><audio autoplay=\"autoplay\" controls=\"controls\"><source src=\"http:\/\/server31053.streamplus.de:80\/;stream.mp3\" type=\"audio\/mp3\" \/><source src=\"http:\/\/login.streamplus.de\/bundles\/streamplusshoutcast\/ogg\/player_fallback.ogg\" type=\"audio\/ogg\" \/>Dein Browser unterst\u00fctzt nicht das Audio Element.<\/audio><\/p>\n<p>Wir sind f\u00fcr Sie on Air &#8211; oder besser on Web! Hier gibt es f\u00fcr Sie 24 Stunden am Tag die neuesten Informationen rund um das Thema &#8222;Technik&#8220;!<\/p>\n<p><img loading=\"lazy\" class=\"alignnone wp-image-12\" src=\"http:\/\/technikradio.de\/wp-content\/uploads\/2017\/01\/cropped-Oli-300x94.jpg\" alt=\"\" width=\"447\" height=\"140\" srcset=\"https:\/\/technikradio.de\/wp-content\/uploads\/2017\/01\/cropped-Oli-300x94.jpg 300w, https:\/\/technikradio.de\/wp-content\/uploads\/2017\/01\/cropped-Oli-768x240.jpg 768w, https:\/\/technikradio.de\/wp-content\/uploads\/2017\/01\/cropped-Oli.jpg 800w\" sizes=\"(max-width: 447px) 100vw, 447px\" \/><\/p>\n<p>Unser Moderator Oliver Heinze hat bereits mit 10 Jahren angefangen Radio zu machen \u2013 im Offenen Kanal Berlin konnte er erste Erfahrungen sammeln \u2013 anschlie\u00dfend folgten weitere gro\u00dfe und namhafte Stationen wie 104.6 RTL, R.SH, 94,3 r.s.2, Antenne Niedersachsen, Radio Brocken und Radio Arabella.<\/p>\n<p>Seit jeher ist Oliver Heinze technisch sehr interessiert \u2013 mit der TechnikSHOW gibt er nun sein Wissen weiter:<\/p>\n<p>Kompetent und leicht verst\u00e4ndlich! Im TechnikRADIO sind Sie nicht mehr auf Sendezeiten angewiesen &#8211; denn die TechnikSHOW l\u00e4uft hier 24 Stunden am Tag, 365 Tage im Jahr!<\/p>\n<p>Zus\u00e4tzlich zur &#8222;normalen&#8220; TechnikSHOW, die auf mehr als 30 Radiosendern bundesweit l\u00e4uft, h\u00f6ren Sie hier auch ganz exklusiv neue Beitr\u00e4ge aus dem Bereich &#8222;Futter f\u00fcr die Hardware&#8220; &#8211; das geht von Gametipps \u00fcber TV-Tipps bis hin zu regelm\u00e4\u00dfigen H\u00f6rbuchtipps. Und es gibt auch regelm\u00e4\u00dfig etwas zu gewinnen. Das Einschalten lohnt sich also.<\/p>\n<p>\u00a0<\/p>\n<p>\u00a0<\/p>\n\n\n<a href=\"https:\/\/www.radiodienste.de\/?refid=1193&#038;play\" target=\"_blank\" title=\"Jetzt Radio h\u00f6ren mit Radiodienste.de\" alt=\"Jetzt Radio h\u00f6ren mit Radiodienste.de\" rel=\"noopener\"><img src=\"https:\/\/www.radiodienste.de\/banner\/banner_470x62.jpg\"><\/a>\n","protected":false},"excerpt":{"rendered":"<p>beim TechnikRADIO! Dein Browser unterst\u00fctzt nicht das Audio Element. Wir sind f\u00fcr Sie on Air &#8211; oder besser on Web! Hier gibt es f\u00fcr Sie 24 Stunden am Tag die neuesten Informationen rund um das Thema &#8222;Technik&#8220;! Unser Moderator Oliver Heinze hat bereits mit 10 Jahren angefangen Radio zu machen \u2013 im Offenen Kanal Berlin konnte er erste Erfahrungen sammeln&hellip; <a href=\"https:\/\/technikradio.de\/\">More &rarr;<\/a><\/p>\n","protected":false},"author":1,"featured_media":0,"parent":0,"menu_order":0,"comment_status":"closed","ping_status":"closed","template":"","meta":[],"_links":{"self":[{"href":"https:\/\/technikradio.de\/index.php?rest_route=\/wp\/v2\/pages\/5"}],"collection":[{"href":"https:\/\/technikradio.de\/index.php?rest_route=\/wp\/v2\/pages"}],"about":[{"href":"https:\/\/technikradio.de\/index.php?rest_route=\/wp\/v2\/types\/page"}],"author":[{"embeddable":true,"href":"https:\/\/technikradio.de\/index.php?rest_route=\/wp\/v2\/users\/1"}],"replies":[{"embeddable":true,"href":"https:\/\/technikradio.de\/index.php?rest_route=%2Fwp%2Fv2%2Fcomments&post=5"}],"version-history":[{"count":17,"href":"https:\/\/technikradio.de\/index.php?rest_route=\/wp\/v2\/pages\/5\/revisions"}],"predecessor-version":[{"id":128,"href":"https:\/\/technikradio.de\/index.php?rest_route=\/wp\/v2\/pages\/5\/revisions\/128"}],"wp:attachment":[{"href":"https:\/\/technikradio.de\/index.php?rest_route=%2Fwp%2Fv2%2Fmedia&parent=5"}],"curies":[{"name":"wp","href":"https:\/\/api.w.org\/{rel}","templated":true}]}}