{"id":23,"date":"2017-01-20T13:37:38","date_gmt":"2017-01-20T13:37:38","guid":{"rendered":"http:\/\/technikradio.de\/?page_id=23"},"modified":"2021-03-09T14:52:57","modified_gmt":"2021-03-09T14:52:57","slug":"impressum-2","status":"publish","type":"page","link":"http:\/\/technikradio.de\/?page_id=23","title":{"rendered":"Impressum"},"content":{"rendered":"\n<p>Verantwortlich f\u00fcr den Inhalt dieser Seiten:<\/p>\n\n\n\n<figure class=\"wp-block-image\"><img src=\"http:\/\/technikshow.technikshow.de\/wp-content\/uploads\/2020\/09\/logo_oh.jpg\" alt=\"\" class=\"wp-image-36\"\/><\/figure>\n\n\n\n<p>Plo\u00dfstra\u00dfe 11<br>04347 Leipzig<\/p>\n\n\n\n<p>Eine E-Mail k\u00f6nnen Sie mir <a href=\"http:\/\/technikshow.technikshow.de\/kontakt-2\">hier<\/a> schreiben.<\/p>\n\n\n\n<p>Finanzamt Leipzig Steuer-Nr.:&nbsp; 232\/229\/14078<\/p>\n\n\n\n<p><strong>Haftungsausschluss:<\/strong><\/p>\n\n\n\n<p>Das Landgericht Hamburg hat mit Urteil vom 12.05.1998 entschieden, dass der Betreiber einer Website durch die Anbringung eines Links die Inhalte der gelinkten Seite ggf. mit zu verantworten hat. Dies kann \u2013 so das Landgericht \u2013 nur dadurch verhindert werden, dass der Betreiber sich ausdr\u00fccklich von diesen Inhalten distanziert.<br>Aus diesem Grund stelle ich klar:<br>Trotz sorgf\u00e4ltiger inhaltlicher Kontrolle \u00fcbernehme ich keine Haftung f\u00fcr die Inhalte externer Links. F\u00fcr den Inhalt der verlinkten Seiten sind ausschlie\u00dflich deren Betreiber verantwortlich.<\/p>\n\n\n\n<p>Alle auf dieser Website genannten Produktnamen, Produktbezeichnungen und Logos sind eingetragene Warenzeichen und Eigentum der jeweiligen Rechteinhaber.<\/p>\n","protected":false},"excerpt":{"rendered":"<p>Verantwortlich f\u00fcr den Inhalt dieser Seiten: Plo\u00dfstra\u00dfe 1104347 Leipzig Eine E-Mail k\u00f6nnen Sie mir hier schreiben. Finanzamt Leipzig Steuer-Nr.:&nbsp; 232\/229\/14078 Haftungsausschluss: Das Landgericht Hamburg hat mit Urteil vom 12.05.1998 entschieden, dass der Betreiber einer Website durch die Anbringung eines Links die Inhalte der gelinkten Seite ggf. mit zu verantworten hat. Dies kann \u2013 so das Landgericht \u2013 nur dadurch verhindert&hellip; <a href=\"http:\/\/technikradio.de\/?page_id=23\">More &rarr;<\/a><\/p>\n","protected":false},"author":1,"featured_media":0,"parent":0,"menu_order":0,"comment_status":"closed","ping_status":"closed","template":"","meta":[],"_links":{"self":[{"href":"http:\/\/technikradio.de\/index.php?rest_route=\/wp\/v2\/pages\/23"}],"collection":[{"href":"http:\/\/technikradio.de\/index.php?rest_route=\/wp\/v2\/pages"}],"about":[{"href":"http:\/\/technikradio.de\/index.php?rest_route=\/wp\/v2\/types\/page"}],"author":[{"embeddable":true,"href":"http:\/\/technikradio.de\/index.php?rest_route=\/wp\/v2\/users\/1"}],"replies":[{"embeddable":true,"href":"http:\/\/technikradio.de\/index.php?rest_route=%2Fwp%2Fv2%2Fcomments&post=23"}],"version-history":[{"count":4,"href":"http:\/\/technikradio.de\/index.php?rest_route=\/wp\/v2\/pages\/23\/revisions"}],"predecessor-version":[{"id":101,"href":"http:\/\/technikradio.de\/index.php?rest_route=\/wp\/v2\/pages\/23\/revisions\/101"}],"wp:attachment":[{"href":"http:\/\/technikradio.de\/index.php?rest_route=%2Fwp%2Fv2%2Fmedia&parent=23"}],"curies":[{"name":"wp","href":"https:\/\/api.w.org\/{rel}","templated":true}]}}